{"id":83,"date":"2013-08-11T19:17:44","date_gmt":"2013-08-11T19:17:44","guid":{"rendered":"http:\/\/localhost:8888\/test\/?page_id=530"},"modified":"2025-08-05T17:47:58","modified_gmt":"2025-08-05T10:47:58","slug":"tin-tuc","status":"publish","type":"page","link":"https:\/\/daivinhan.com\/en\/danh-muc-tin-tuc\/tin-tuc\/","title":{"rendered":"tin t\u1ee9c"},"content":{"rendered":"<div class=\"tabbed-content\">\n\t\t\t<h4 class=\"uppercase text-left\">tin t\u1ee9c<\/h4>\n\t\t\t<ul class=\"nav nav-pills nav-uppercase nav-size-normal nav-left\"><\/ul><div class=\"tab-panels\"><\/div><\/div>\n  <style>\n    #row-803338544 .grid-col-1{height: 600px}\n    #row-803338544 .grid-col-1-2{height: 300px}\n    #row-803338544 .grid-col-1-3{height:200px}\n    #row-803338544 .grid-col-2-3{height: 400px}\n    #row-803338544 .grid-col-1-4{height: 150px}\n    #row-803338544 .grid-col-3-4{height: 450px}\n\n\n        \/* Tablet *\/\n    @media (max-width: 850px){\n      #row-803338544 .grid-col-1{height: 400px}\n      #row-803338544 .grid-col-1-2{height: 200px}\n      #row-803338544 .grid-col-1-3{height:133.33333333333px}\n      #row-803338544 .grid-col-2-3{height: 266.66666666667px}\n      #row-803338544 .grid-col-1-4{height: 100px}\n      #row-803338544 .grid-col-3-4{height: 300px}\n    }\n    \n        \/* Mobile *\/\n    @media (max-width: 550px){\n      #row-803338544 .grid-col-1{height: 400px}\n      #row-803338544 .grid-col-1-2{height: 200px}\n      #row-803338544 .grid-col-1-3{height:133.33333333333px}\n      #row-803338544 .grid-col-2-3{height: 266.66666666667px}\n      #row-803338544 .grid-col-1-4{height: 100px}\n      #row-803338544 .grid-col-3-4{height: 300px}\n    }\n    \n\n  <\/style>\n  \n  \n    <div id=\"row-803338544\" class=\"row has-shadow row-box-shadow-1 row-grid\" data-packery-options='{\"itemSelector\": \".col\", \"gutter\": 0, \"presentageWidth\" : true}'>\n\n  \t\t<div class=\"col post-item grid-col grid-col-1 large-6 medium-12\" >\n\t\t\t<div class=\"col-inner\">\n\t\t\t<a href=\"https:\/\/daivinhan.com\/en\/2025\/08\/08\/nganh-thep-trung-quoc-doi-mat-voi-thach-thuc-trong-boi-canh-nhu-cau-giam-sut\/\" class=\"plain\">\n\t\t\t\t<div class=\"box box-shade dark box-text-bottom box-blog-post has-hover\">\n            \t\t\t\t\t<div class=\"box-image\" >\n  \t\t\t\t\t\t<div class=\"image-cover\" style=\"padding-top:56%;\">\n  \t\t\t\t\t\t\t<img loading=\"lazy\" decoding=\"async\" width=\"500\" height=\"281\" src=\"https:\/\/daivinhan.com\/wp-content\/uploads\/2025\/08\/699.png\" class=\"attachment-medium size-medium wp-post-image\" alt=\"\" srcset=\"https:\/\/daivinhan.com\/wp-content\/uploads\/2025\/08\/699.png 500w, https:\/\/daivinhan.com\/wp-content\/uploads\/2025\/08\/699-18x10.png 18w\" sizes=\"auto, (max-width: 500px) 100vw, 500px\" \/>  \t\t\t\t\t\t\t  \t\t\t\t\t\t\t<div class=\"shade\"><\/div>  \t\t\t\t\t\t<\/div>\n  \t\t\t\t\t\t  \t\t\t\t\t<\/div>\n          \t\t\t\t\t<div class=\"box-text text-center\" >\n\t\t\t\t\t<div class=\"box-text-inner blog-post-inner\">\n\n\t\t\t\t\t\n\t\t\t\t\t\t\t\t\t\t\t<p class=\"cat-label  is-xxsmall op-7 uppercase\">\n\t\t\t\t\tTin th\u00e9p th\u1ebf gi\u1edbi \t\t\t\t\t<\/p>\n\t\t\t\t\t\t\t\t\t\t<h5 class=\"post-title is-larger uppercase\">Ng\u00e0nh th\u00e9p Trung Qu\u1ed1c \u0111\u1ed1i m\u1eb7t v\u1edbi th\u00e1ch th\u1ee9c trong b\u1ed1i c\u1ea3nh nhu c\u1ea7u gi\u1ea3m s\u00fat<\/h5>\n\t\t\t\t\t\t\t\t\t\t<div class=\"is-divider\"><\/div>\n\t\t\t\t\t\t\t\t\t\t<p class=\"from_the_blog_excerpt\">Ng\u00e0nh th\u00e9p Trung Qu\u1ed1c \u0111\u00e3 g\u1eb7p ch\u00fat kh\u00f3 kh\u0103n v\u00e0o \u0111\u1ea7u th\u00e1ng 8, ch\u1ea5m d\u1ee9t [...]\t\t\t\t\t<\/p>\n\t\t\t\t\t                    \n\t\t\t\t\t\t\t\t\t\t\t<button href=\"https:\/\/daivinhan.com\/en\/2025\/08\/08\/nganh-thep-trung-quoc-doi-mat-voi-thach-thuc-trong-boi-canh-nhu-cau-giam-sut\/\" class=\"button  is-outline is-small mb-0\">\n\t\t\t\t\t\t\tRead More\t\t\t\t\t\t<\/button>\n\t\t\t\t\t\n\t\t\t\t\t\n\t\t\t\t\t<\/div>\n\t\t\t\t\t<\/div>\n\t\t\t\t\t\t\t\t\t\t\t\t\t\t\t\t<div class=\"badge absolute top post-date badge-circle-inside\">\n\t\t\t\t\t\t\t<div class=\"badge-inner\">\n\t\t\t\t\t\t\t\t<span class=\"post-date-day\">08<\/span><br>\n\t\t\t\t\t\t\t\t<span class=\"post-date-month is-xsmall\">Aug<\/span>\n\t\t\t\t\t\t\t<\/div>\n\t\t\t\t\t\t<\/div>\n\t\t\t\t\t\t\t\t\t<\/div>\n\t\t\t\t<\/a>\n\t\t\t<\/div>\n\t\t<\/div>\n\t\t<div class=\"col post-item grid-col grid-col-1 large-3 medium-6\" >\n\t\t\t<div class=\"col-inner\">\n\t\t\t<a href=\"https:\/\/daivinhan.com\/en\/2025\/08\/08\/gia-thep-hom-nay-8-8-thep-xay-dung-quang-sat-cung-thep-cuon-can-nong-xu-huong-di-len\/\" class=\"plain\">\n\t\t\t\t<div class=\"box box-shade dark box-text-bottom box-blog-post has-hover\">\n            \t\t\t\t\t<div class=\"box-image\" >\n  \t\t\t\t\t\t<div class=\"image-cover\" style=\"padding-top:56%;\">\n  \t\t\t\t\t\t\t<img loading=\"lazy\" decoding=\"async\" width=\"601\" height=\"400\" src=\"https:\/\/daivinhan.com\/wp-content\/uploads\/2025\/08\/gerold-hinzen-WoZs8gGyQBY-unsplash-601x400.jpg\" class=\"attachment-medium size-medium wp-post-image\" alt=\"\" srcset=\"https:\/\/daivinhan.com\/wp-content\/uploads\/2025\/08\/gerold-hinzen-WoZs8gGyQBY-unsplash-601x400.jpg 601w, https:\/\/daivinhan.com\/wp-content\/uploads\/2025\/08\/gerold-hinzen-WoZs8gGyQBY-unsplash-1202x800.jpg 1202w, https:\/\/daivinhan.com\/wp-content\/uploads\/2025\/08\/gerold-hinzen-WoZs8gGyQBY-unsplash-768x511.jpg 768w, https:\/\/daivinhan.com\/wp-content\/uploads\/2025\/08\/gerold-hinzen-WoZs8gGyQBY-unsplash-600x399.jpg 600w, https:\/\/daivinhan.com\/wp-content\/uploads\/2025\/08\/gerold-hinzen-WoZs8gGyQBY-unsplash.jpg 1500w\" sizes=\"auto, (max-width: 601px) 100vw, 601px\" \/>  \t\t\t\t\t\t\t  \t\t\t\t\t\t\t<div class=\"shade\"><\/div>  \t\t\t\t\t\t<\/div>\n  \t\t\t\t\t\t  \t\t\t\t\t<\/div>\n          \t\t\t\t\t<div class=\"box-text text-center\" >\n\t\t\t\t\t<div class=\"box-text-inner blog-post-inner\">\n\n\t\t\t\t\t\n\t\t\t\t\t\t\t\t\t\t\t<p class=\"cat-label  is-xxsmall op-7 uppercase\">\n\t\t\t\t\tTin Th\u00e9p Vi\u1ec7t Nam \t\t\t\t\t<\/p>\n\t\t\t\t\t\t\t\t\t\t<h5 class=\"post-title is-larger uppercase\">Gi\u00e1 th\u00e9p h\u00f4m nay 8\/8: Th\u00e9p x\u00e2y d\u1ef1ng, qu\u1eb7ng s\u1eaft c\u00f9ng th\u00e9p cu\u1ed9n c\u00e1n n\u00f3ng xu h\u01b0\u1edbng \u0111i l\u00ean<\/h5>\n\t\t\t\t\t\t\t\t\t\t<div class=\"is-divider\"><\/div>\n\t\t\t\t\t\t\t\t\t\t<p class=\"from_the_blog_excerpt\">Gi\u00e1 th\u00e9p v\u00e0 qu\u1eb7ng s\u1eaft, c\u00f9ng th\u00e9p cu\u1ed9n c\u00e1n n\u00f3ng xu h\u01b0\u1edbng \u0111i l\u00ean gi\u1eefa [...]\t\t\t\t\t<\/p>\n\t\t\t\t\t                    \n\t\t\t\t\t\t\t\t\t\t\t<button href=\"https:\/\/daivinhan.com\/en\/2025\/08\/08\/gia-thep-hom-nay-8-8-thep-xay-dung-quang-sat-cung-thep-cuon-can-nong-xu-huong-di-len\/\" class=\"button  is-outline is-small mb-0\">\n\t\t\t\t\t\t\tRead More\t\t\t\t\t\t<\/button>\n\t\t\t\t\t\n\t\t\t\t\t\n\t\t\t\t\t<\/div>\n\t\t\t\t\t<\/div>\n\t\t\t\t\t\t\t\t\t\t\t\t\t\t\t\t<div class=\"badge absolute top post-date badge-circle-inside\">\n\t\t\t\t\t\t\t<div class=\"badge-inner\">\n\t\t\t\t\t\t\t\t<span class=\"post-date-day\">08<\/span><br>\n\t\t\t\t\t\t\t\t<span class=\"post-date-month is-xsmall\">Aug<\/span>\n\t\t\t\t\t\t\t<\/div>\n\t\t\t\t\t\t<\/div>\n\t\t\t\t\t\t\t\t\t<\/div>\n\t\t\t\t<\/a>\n\t\t\t<\/div>\n\t\t<\/div>\n\t\t<div class=\"col post-item grid-col grid-col-1-2 large-3 medium-6\" >\n\t\t\t<div class=\"col-inner\">\n\t\t\t<a href=\"https:\/\/daivinhan.com\/en\/2025\/08\/06\/thue-quan-co-lam-tram-trong-them-nguon-cung-qua-muc\/\" class=\"plain\">\n\t\t\t\t<div class=\"box box-shade dark box-text-bottom box-blog-post has-hover\">\n            \t\t\t\t\t<div class=\"box-image\" >\n  \t\t\t\t\t\t<div class=\"image-cover\" style=\"padding-top:56%;\">\n  \t\t\t\t\t\t\t<img loading=\"lazy\" decoding=\"async\" width=\"280\" height=\"280\" src=\"https:\/\/daivinhan.com\/wp-content\/uploads\/2025\/08\/27321-280x280.jpg\" class=\"attachment-thumbnail size-thumbnail wp-post-image\" alt=\"\" srcset=\"https:\/\/daivinhan.com\/wp-content\/uploads\/2025\/08\/27321-280x280.jpg 280w, https:\/\/daivinhan.com\/wp-content\/uploads\/2025\/08\/27321-300x300.jpg 300w, https:\/\/daivinhan.com\/wp-content\/uploads\/2025\/08\/27321-100x100.jpg 100w\" sizes=\"auto, (max-width: 280px) 100vw, 280px\" \/>  \t\t\t\t\t\t\t  \t\t\t\t\t\t\t<div class=\"shade\"><\/div>  \t\t\t\t\t\t<\/div>\n  \t\t\t\t\t\t  \t\t\t\t\t<\/div>\n          \t\t\t\t\t<div class=\"box-text text-center\" >\n\t\t\t\t\t<div class=\"box-text-inner blog-post-inner\">\n\n\t\t\t\t\t\n\t\t\t\t\t\t\t\t\t\t\t<p class=\"cat-label  is-xxsmall op-7 uppercase\">\n\t\t\t\t\tCh\u01b0a ph\u00e2n lo\u1ea1i \t\t\t\t\t<\/p>\n\t\t\t\t\t\t\t\t\t\t<h5 class=\"post-title is-larger uppercase\">Thu\u1ebf quan c\u00f3 l\u00e0m tr\u1ea7m tr\u1ecdng th\u00eam ngu\u1ed3n cung qu\u00e1 m\u1ee9c?<\/h5>\n\t\t\t\t\t\t\t\t\t\t<div class=\"is-divider\"><\/div>\n\t\t\t\t\t                    \n\t\t\t\t\t\t\t\t\t\t\t<button href=\"https:\/\/daivinhan.com\/en\/2025\/08\/06\/thue-quan-co-lam-tram-trong-them-nguon-cung-qua-muc\/\" class=\"button  is-outline is-small mb-0\">\n\t\t\t\t\t\t\tRead More\t\t\t\t\t\t<\/button>\n\t\t\t\t\t\n\t\t\t\t\t\n\t\t\t\t\t<\/div>\n\t\t\t\t\t<\/div>\n\t\t\t\t\t\t\t\t\t\t\t\t\t\t\t\t<div class=\"badge absolute top post-date badge-circle-inside\">\n\t\t\t\t\t\t\t<div class=\"badge-inner\">\n\t\t\t\t\t\t\t\t<span class=\"post-date-day\">06<\/span><br>\n\t\t\t\t\t\t\t\t<span class=\"post-date-month is-xsmall\">Aug<\/span>\n\t\t\t\t\t\t\t<\/div>\n\t\t\t\t\t\t<\/div>\n\t\t\t\t\t\t\t\t\t<\/div>\n\t\t\t\t<\/a>\n\t\t\t<\/div>\n\t\t<\/div>\n\t\t<div class=\"col post-item grid-col grid-col-1-2 large-3 medium-6\" >\n\t\t\t<div class=\"col-inner\">\n\t\t\t<a href=\"https:\/\/daivinhan.com\/en\/2025\/08\/06\/gia-thep-hom-nay-6-8-bat-ngo-tang-sau-ba-phien-giam-lien-tiep\/\" class=\"plain\">\n\t\t\t\t<div class=\"box box-shade dark box-text-bottom box-blog-post has-hover\">\n            \t\t\t\t\t<div class=\"box-image\" >\n  \t\t\t\t\t\t<div class=\"image-cover\" style=\"padding-top:56%;\">\n  \t\t\t\t\t\t\t<img loading=\"lazy\" decoding=\"async\" width=\"280\" height=\"280\" src=\"https:\/\/daivinhan.com\/wp-content\/uploads\/2025\/08\/2-20250804070725870-280x280.png\" class=\"attachment-thumbnail size-thumbnail wp-post-image\" alt=\"\" srcset=\"https:\/\/daivinhan.com\/wp-content\/uploads\/2025\/08\/2-20250804070725870-280x280.png 280w, https:\/\/daivinhan.com\/wp-content\/uploads\/2025\/08\/2-20250804070725870-300x300.png 300w, https:\/\/daivinhan.com\/wp-content\/uploads\/2025\/08\/2-20250804070725870-100x100.png 100w\" sizes=\"auto, (max-width: 280px) 100vw, 280px\" \/>  \t\t\t\t\t\t\t  \t\t\t\t\t\t\t<div class=\"shade\"><\/div>  \t\t\t\t\t\t<\/div>\n  \t\t\t\t\t\t  \t\t\t\t\t<\/div>\n          \t\t\t\t\t<div class=\"box-text text-center\" >\n\t\t\t\t\t<div class=\"box-text-inner blog-post-inner\">\n\n\t\t\t\t\t\n\t\t\t\t\t\t\t\t\t\t\t<p class=\"cat-label  is-xxsmall op-7 uppercase\">\n\t\t\t\t\tTin Th\u00e9p Vi\u1ec7t Nam \t\t\t\t\t<\/p>\n\t\t\t\t\t\t\t\t\t\t<h5 class=\"post-title is-larger uppercase\">Gi\u00e1 th\u00e9p h\u00f4m nay 6\/8: B\u1ea5t ng\u1edd t\u0103ng sau ba phi\u00ean gi\u1ea3m li\u00ean ti\u1ebfp<\/h5>\n\t\t\t\t\t\t\t\t\t\t<div class=\"is-divider\"><\/div>\n\t\t\t\t\t                    \n\t\t\t\t\t\t\t\t\t\t\t<button href=\"https:\/\/daivinhan.com\/en\/2025\/08\/06\/gia-thep-hom-nay-6-8-bat-ngo-tang-sau-ba-phien-giam-lien-tiep\/\" class=\"button  is-outline is-small mb-0\">\n\t\t\t\t\t\t\tRead More\t\t\t\t\t\t<\/button>\n\t\t\t\t\t\n\t\t\t\t\t\n\t\t\t\t\t<\/div>\n\t\t\t\t\t<\/div>\n\t\t\t\t\t\t\t\t\t\t\t\t\t\t\t\t<div class=\"badge absolute top post-date badge-circle-inside\">\n\t\t\t\t\t\t\t<div class=\"badge-inner\">\n\t\t\t\t\t\t\t\t<span class=\"post-date-day\">06<\/span><br>\n\t\t\t\t\t\t\t\t<span class=\"post-date-month is-xsmall\">Aug<\/span>\n\t\t\t\t\t\t\t<\/div>\n\t\t\t\t\t\t<\/div>\n\t\t\t\t\t\t\t\t\t<\/div>\n\t\t\t\t<\/a>\n\t\t\t<\/div>\n\t\t<\/div>\n<\/div>\n<div class=\"row\"  id=\"row-48539643\">\n\n\t<div id=\"col-878594596\" class=\"col medium-4 small-12 large-4\"  >\n\t\t<div class=\"col-inner\"  >\n\t\t\t\n\t\t\t\n\t\t<\/div>\n\t\t\t<\/div>\n\n\t\n\n\t<div id=\"col-495952836\" class=\"col medium-4 small-12 large-4\"  >\n\t\t<div class=\"col-inner\"  >\n\t\t\t\n\t\t\t\n\t\t<\/div>\n\t\t\t<\/div>\n\n\t\n<\/div>","protected":false},"excerpt":{"rendered":"","protected":false},"author":1,"featured_media":0,"parent":634,"menu_order":0,"comment_status":"closed","ping_status":"closed","template":"","meta":{"footnotes":""},"class_list":["post-83","page","type-page","status-publish","hentry"],"_links":{"self":[{"href":"https:\/\/daivinhan.com\/en\/wp-json\/wp\/v2\/pages\/83","targetHints":{"allow":["GET"]}}],"collection":[{"href":"https:\/\/daivinhan.com\/en\/wp-json\/wp\/v2\/pages"}],"about":[{"href":"https:\/\/daivinhan.com\/en\/wp-json\/wp\/v2\/types\/page"}],"author":[{"embeddable":true,"href":"https:\/\/daivinhan.com\/en\/wp-json\/wp\/v2\/users\/1"}],"replies":[{"embeddable":true,"href":"https:\/\/daivinhan.com\/en\/wp-json\/wp\/v2\/comments?post=83"}],"version-history":[{"count":0,"href":"https:\/\/daivinhan.com\/en\/wp-json\/wp\/v2\/pages\/83\/revisions"}],"up":[{"embeddable":true,"href":"https:\/\/daivinhan.com\/en\/wp-json\/wp\/v2\/pages\/634"}],"wp:attachment":[{"href":"https:\/\/daivinhan.com\/en\/wp-json\/wp\/v2\/media?parent=83"}],"curies":[{"name":"wp","href":"https:\/\/api.w.org\/{rel}","templated":true}]}}