{"id":510,"date":"2025-08-04T06:29:57","date_gmt":"2025-08-04T06:29:57","guid":{"rendered":"https:\/\/daivinhan.com\/?page_id=510"},"modified":"2025-08-06T14:38:40","modified_gmt":"2025-08-06T07:38:40","slug":"su-menh","status":"publish","type":"page","link":"https:\/\/daivinhan.com\/en\/su-menh\/","title":{"rendered":"S\u1ee9 m\u1ec7nh"},"content":{"rendered":"<section class=\"section\" id=\"section_534375602\">\n\t\t<div class=\"bg section-bg fill bg-fill  bg-loaded\" >\n\n\t\t\t\n\t\t\t\n\t\t\t\n\n\t\t<\/div>\n\n\t\t<div class=\"section-content relative\">\n\t\t\t\n\t<div id=\"gap-2058538280\" class=\"gap-element clearfix\" style=\"display:block; height:auto;\">\n\t\t\n<style>\n#gap-2058538280 {\n  padding-top: 30px;\n}\n<\/style>\n\t<\/div>\n\t\n\t\t<\/div>\n\n\t\t\n<style>\n#section_534375602 {\n  padding-top: 30px;\n  padding-bottom: 30px;\n}\n<\/style>\n\t<\/section>\n\t\n\t<section class=\"section dark\" id=\"section_1462727466\">\n\t\t<div class=\"bg section-bg fill bg-fill  bg-loaded\" >\n\n\t\t\t\n\t\t\t\n\t\t\t\n\n\t\t<\/div>\n\n\t\t<div class=\"section-content relative\">\n\t\t\t\n<div class=\"row\"  id=\"row-1044760383\">\n\n\t<div id=\"col-1593949819\" class=\"col small-12 large-12\"  >\n\t\t<div class=\"col-inner\"  >\n\t\t\t\n\t\t\t\n\t<div id=\"gap-2060482837\" class=\"gap-element clearfix\" style=\"display:block; height:auto;\">\n\t\t\n<style>\n#gap-2060482837 {\n  padding-top: 30px;\n}\n<\/style>\n\t<\/div>\n\t\n\t<div id=\"stack-2621696449\" class=\"stack stack-row justify-between items-stretch\">\n\t\t\n\t<div id=\"text-1922885888\" class=\"text\">\n\t\t\n<h2>S\u1ee8 M\u1ec6NH<\/h2>\n\t\t\n<style>\n#text-1922885888 {\n  font-size: 1.3rem;\n}\n<\/style>\n\t<\/div>\n\t\n\t\t\n<style>\n#stack-2621696449 > * {\n  --stack-gap: 0rem;\n}\n<\/style>\n\t<\/div>\n\t\n\t\t<\/div>\n\t\t\t<\/div>\n\n\t\n<\/div>\n<div class=\"row row-large\"  id=\"row-1165636531\">\n\n\t<div id=\"col-210115905\" class=\"col medium-6 small-12 large-6\"  >\n\t\t<div class=\"col-inner\"  >\n\t\t\t\n\t\t\t\n<p data-start=\"235\" data-end=\"422\"><strong data-start=\"235\" data-end=\"422\">V\u1edbi h\u01a1n 30 n\u0103m kinh nghi\u1ec7m trong ng\u00e0nh s\u1ea3n xu\u1ea5t v\u00e0 gia c\u00f4ng th\u00e9p, \u0110\u1ea1i V\u0129nh An kh\u00f4ng ng\u1eebng \u0111\u1ed5i m\u1edbi v\u00e0 ph\u00e1t tri\u1ec3n \u0111\u1ec3 tr\u1edf th\u00e0nh m\u1ed9t trong nh\u1eefng doanh nghi\u1ec7p uy t\u00edn h\u00e0ng \u0111\u1ea7u t\u1ea1i Vi\u1ec7t Nam.<\/strong><\/p>\n<p data-start=\"429\" data-end=\"447\">Ch\u00fang t\u00f4i cam k\u1ebft:<\/p>\n<p data-start=\"452\" data-end=\"643\">\ud83d\udd39 <strong data-start=\"455\" data-end=\"491\">Cung c\u1ea5p s\u1ea3n ph\u1ea9m ch\u1ea5t l\u01b0\u1ee3ng cao<\/strong>: T\u1eeb th\u00e9p x\u00e2y d\u1ef1ng, k\u1ebft c\u1ea5u th\u00e9p \u0111\u1ebfn c\u00e1c s\u1ea3n ph\u1ea9m c\u01a1 kh\u00ed ch\u00ednh x\u00e1c \u2013 t\u1ea5t c\u1ea3 \u0111\u1ec1u \u0111\u01b0\u1ee3c s\u1ea3n xu\u1ea5t theo quy tr\u00ecnh ki\u1ec3m \u0111\u1ecbnh nghi\u00eam ng\u1eb7t, \u0111\u1ea1t chu\u1ea9n qu\u1ed1c t\u1ebf.<\/p>\n<p data-start=\"648\" data-end=\"813\">\ud83d\udd39 <strong data-start=\"651\" data-end=\"689\">Ph\u1ee5c v\u1ee5 t\u1eadn t\u00e2m \u2013 h\u1ee3p t\u00e1c b\u1ec1n v\u1eefng<\/strong>: Lu\u00f4n \u0111\u1eb7t kh\u00e1ch h\u00e0ng l\u00e0m trung t\u00e2m, ch\u00fang t\u00f4i x\u00e2y d\u1ef1ng m\u1ed1i quan h\u1ec7 d\u00e0i l\u00e2u d\u1ef1a tr\u00ean s\u1ef1 tin c\u1eady, minh b\u1ea1ch v\u00e0 tr\u00e1ch nhi\u1ec7m.<\/p>\n<p data-start=\"1302\" data-end=\"1418\">\u00a0<\/p>\n\t\t<\/div>\n\t\t\t<\/div>\n\n\t\n\n\t<div id=\"col-621583106\" class=\"col medium-6 small-12 large-6\"  >\n\t\t<div class=\"col-inner\"  >\n\t\t\t\n\t\t\t\n<p data-start=\"818\" data-end=\"1018\">\ud83d\udd39 <strong data-start=\"821\" data-end=\"879\">\u0110\u1ea7u t\u01b0 c\u00f4ng ngh\u1ec7 hi\u1ec7n \u0111\u1ea1i \u2013 n\u00e2ng cao n\u0103ng l\u1ef1c s\u1ea3n xu\u1ea5t<\/strong>: V\u1edbi h\u1ec7 th\u1ed1ng 4 nh\u00e0 m\u00e1y v\u00e0 \u0111\u1ed9i ng\u0169 k\u1ef9 s\u01b0 l\u00e0nh ngh\u1ec1, \u0110\u1ea1i V\u0129nh An s\u1eb5n s\u00e0ng \u0111\u00e1p \u1ee9ng c\u00e1c d\u1ef1 \u00e1n l\u1edbn, y\u00eau c\u1ea7u kh\u1eaft khe v\u1ec1 ti\u1ebfn \u0111\u1ed9 v\u00e0 k\u1ef9 thu\u1eadt.<\/p>\n<p data-start=\"1023\" data-end=\"1298\">\ud83d\udd39 <strong data-start=\"1026\" data-end=\"1089\">G\u00f3p ph\u1ea7n ph\u00e1t tri\u1ec3n c\u1ed9ng \u0111\u1ed3ng v\u00e0 ng\u00e0nh c\u00f4ng nghi\u1ec7p Vi\u1ec7t Nam<\/strong>: Ch\u00fang t\u00f4i tin r\u1eb1ng s\u1ef1 th\u00e0nh c\u00f4ng c\u1ee7a doanh nghi\u1ec7p ph\u1ea3i g\u1eafn li\u1ec1n v\u1edbi s\u1ef1 ph\u00e1t tri\u1ec3n chung c\u1ee7a x\u00e3 h\u1ed9i \u2013 th\u00f4ng qua vi\u1ec7c t\u1ea1o vi\u1ec7c l\u00e0m, chia s\u1ebb tri th\u1ee9c v\u00e0 gi\u1eef g\u00ecn m\u00f4i tr\u01b0\u1eddng s\u1ea3n xu\u1ea5t an to\u00e0n, xanh \u2013 s\u1ea1ch \u2013 \u0111\u1eb9p.<\/p>\n<p data-start=\"1302\" data-end=\"1418\">\u00a0<\/p>\n\n\t\t<\/div>\n\t\t\t<\/div>\n\n\t\n<\/div>\n\t\t<\/div>\n\n\t\t\n<style>\n#section_1462727466 {\n  padding-top: 50px;\n  padding-bottom: 50px;\n  background-color: #273647;\n}\n<\/style>\n\t<\/section>\n\t\n<div class=\"text-center\"><div class=\"is-divider divider clearfix\" style=\"max-width:500px;background-color:rgb(19, 13, 67);\"><\/div><\/div>\n<blockquote>\n<p><strong>\u201cKi\u1ebfn t\u1ea1o gi\u00e1 tr\u1ecb b\u1ec1n v\u1eefng t\u1eeb n\u1ec1n t\u1ea3ng th\u00e9p v\u1eefng ch\u1eafc\u201d \u2013 \u0111\u00f3 ch\u00ednh l\u00e0 s\u1ee9 m\u1ec7nh m\u00e0 \u0110\u1ea1i V\u0129nh An theo \u0111u\u1ed5i t\u1eebng ng\u00e0y.<\/strong><\/p>\n<\/blockquote>","protected":false},"excerpt":{"rendered":"<p>\u201cKi\u1ebfn t\u1ea1o gi\u00e1 tr\u1ecb b\u1ec1n v\u1eefng t\u1eeb n\u1ec1n t\u1ea3ng th\u00e9p v\u1eefng ch\u1eafc\u201d \u2013 \u0111\u00f3 ch\u00ednh l\u00e0 s\u1ee9 m\u1ec7nh m\u00e0 \u0110\u1ea1i V\u0129nh An theo \u0111u\u1ed5i t\u1eebng ng\u00e0y.<\/p>","protected":false},"author":1,"featured_media":0,"parent":0,"menu_order":0,"comment_status":"closed","ping_status":"closed","template":"","meta":{"footnotes":""},"class_list":["post-510","page","type-page","status-publish","hentry"],"_links":{"self":[{"href":"https:\/\/daivinhan.com\/en\/wp-json\/wp\/v2\/pages\/510","targetHints":{"allow":["GET"]}}],"collection":[{"href":"https:\/\/daivinhan.com\/en\/wp-json\/wp\/v2\/pages"}],"about":[{"href":"https:\/\/daivinhan.com\/en\/wp-json\/wp\/v2\/types\/page"}],"author":[{"embeddable":true,"href":"https:\/\/daivinhan.com\/en\/wp-json\/wp\/v2\/users\/1"}],"replies":[{"embeddable":true,"href":"https:\/\/daivinhan.com\/en\/wp-json\/wp\/v2\/comments?post=510"}],"version-history":[{"count":0,"href":"https:\/\/daivinhan.com\/en\/wp-json\/wp\/v2\/pages\/510\/revisions"}],"wp:attachment":[{"href":"https:\/\/daivinhan.com\/en\/wp-json\/wp\/v2\/media?parent=510"}],"curies":[{"name":"wp","href":"https:\/\/api.w.org\/{rel}","templated":true}]}}