{"id":481,"date":"2025-08-03T09:26:38","date_gmt":"2025-08-03T09:26:38","guid":{"rendered":"https:\/\/daivinhan.com\/?page_id=481"},"modified":"2025-08-06T20:33:07","modified_gmt":"2025-08-06T13:33:07","slug":"chi-tiet-ve-cong-ty","status":"publish","type":"page","link":"https:\/\/daivinhan.com\/en\/chi-tiet-ve-cong-ty\/","title":{"rendered":"Chi ti\u1ebft v\u1ec1 c\u00f4ng ty"},"content":{"rendered":"<section class=\"section\" id=\"section_53534786\">\n\t\t<div class=\"bg section-bg fill bg-fill\" >\n\n\t\t\t\n\t\t\t\n\t\t\t\n\n\t\t<\/div>\n\n\t\t<div class=\"section-content relative\">\n\t\t\t\n<div class=\"row\" style=\"max-width:1300px\" id=\"row-883105415\">\n\n\t<div id=\"col-1953844268\" class=\"col medium-11 small-12 large-11\"  >\n\t\t<div class=\"col-inner\"  >\n\t\t\t\n\t\t\t\n\t<div id=\"text-2139077005\" class=\"text\">\n\t\t\n<h2 class=\"uppercase\">s\u1ea3n xu\u1ea5t &#8211; th\u01b0\u01a1ng m\u1ea1i &#8211; gia c\u00f4ng c\u01a1 kh\u00ed<\/h2>\n\t\t\n<style>\n#text-2139077005 {\n  font-size: 1.25rem;\n}\n@media (min-width:550px) {\n  #text-2139077005 {\n    font-size: 2.25rem;\n  }\n}\n<\/style>\n\t<\/div>\n\t\n\t\t<\/div>\n\t\t\n<style>\n#col-1953844268 > .col-inner {\n  padding: 30px 30px 10px 40px;\n}\n<\/style>\n\t<\/div>\n\n\t\n\n<style>\n#row-883105415 > .col > .col-inner {\n  background-color: rgb(255, 214, 80);\n}\n<\/style>\n<\/div>\n\t\t<\/div>\n\n\t\t\n<style>\n#section_53534786 {\n  padding-top: 30px;\n  padding-bottom: 30px;\n  min-height: 400px;\n}\n#section_53534786 .section-bg.bg-loaded {\n  background-image: url(https:\/\/daivinhan.com\/wp-content\/uploads\/2025\/04\/thep-tam-a36-1.jpg);\n}\n#section_53534786 .section-bg {\n  background-position: 100% 11%;\n}\n@media (min-width:550px) {\n  #section_53534786 {\n    min-height: 600px;\n  }\n}\n@media (min-width:850px) {\n  #section_53534786 {\n    min-height: 800px;\n  }\n}\n<\/style>\n\t<\/section>\n\t\n\t<section class=\"section\" id=\"section_2125719798\">\n\t\t<div class=\"bg section-bg fill bg-fill  bg-loaded\" >\n\n\t\t\t\n\t\t\t\n\t\t\t\n\n\t\t<\/div>\n\n\t\t<div class=\"section-content relative\">\n\t\t\t\n\t<div id=\"gap-101603134\" class=\"gap-element clearfix\" style=\"display:block; height:auto;\">\n\t\t\n<style>\n#gap-101603134 {\n  padding-top: 30px;\n}\n<\/style>\n\t<\/div>\n\t\n<div class=\"row\" style=\"max-width:1300px\" id=\"row-260003003\">\n\n\t<div id=\"col-935813254\" class=\"col small-12 large-12\"  >\n\t\t<div class=\"col-inner\"  >\n\t\t\t\n\t\t\t\n<div class=\"row\" style=\"max-width:1300px\" id=\"row-1628886966\">\n\n\t<div id=\"col-1397061229\" class=\"col medium-4 small-12 large-4\"  >\n\t\t<div class=\"col-inner box-shadow-2\" style=\"background-color:rgb(255, 255, 255);\" >\n\t\t\t\n\t<div class=\"is-border\"\n\t\tstyle=\"border-color:rgb(254, 215, 80);border-width:10px 0px 0px 0px;\">\n\t<\/div>\n\t\t\t\n\t<div class=\"img has-hover x md-x lg-x y md-y lg-y\" id=\"image_1493781461\">\n\t\t\t\t\t\t\t\t<div class=\"img-inner dark\" >\n\t\t\t<img loading=\"lazy\" decoding=\"async\" width=\"120\" height=\"120\" src=\"https:\/\/daivinhan.com\/wp-content\/uploads\/2025\/08\/node-tree.png\" class=\"attachment-large size-large\" alt=\"\" srcset=\"https:\/\/daivinhan.com\/wp-content\/uploads\/2025\/08\/node-tree.png 120w, https:\/\/daivinhan.com\/wp-content\/uploads\/2025\/08\/node-tree-100x100.png 100w\" sizes=\"auto, (max-width: 120px) 100vw, 120px\" \/>\t\t\t\t\t\t\n\t\t\t\t\t<\/div>\n\t\t\t\t\t\t\t\t\n<style>\n#image_1493781461 {\n  width: 20%;\n}\n@media (min-width:550px) {\n  #image_1493781461 {\n    width: 35%;\n  }\n}\n@media (min-width:850px) {\n  #image_1493781461 {\n    width: 20%;\n  }\n}\n<\/style>\n\t<\/div>\n\t\n<h2>TR\u1ee4 S\u1ede CH\u00cdNH:<\/h2>\n<p><strong>\u0110\u1ecba ch\u1ec9:<\/strong>\u00a0<em><strong><span style=\"color: #0000ff;\">967 T\u1ec9nh L\u1ed9 10, Khu ph\u1ed1 8, Ph\u01b0\u1eddng T\u00e2n T\u1ea1o, Qu\u1eadn B\u00ecnh T\u00e2n, Th\u00e0nh ph\u1ed1 H\u1ed3 Ch\u00ed Minh, Vi\u1ec7t Nam.<\/span><\/strong><\/em><br \/><strong>Li\u00ean h\u1ec7 :<\/strong> <span style=\"text-decoration: underline;\"><em><span style=\"color: #ed1c24; text-decoration: underline;\">090 818 138 &#8211; 3750 5553<\/span><\/em><\/span><br \/><strong>Email: <\/strong><span style=\"text-decoration: underline;\"><span style=\"color: #ed1c24;\"><em>thucmy25@gmail.com<\/em><\/span><\/span><\/p>\n\t\t<\/div>\n\t\t\n<style>\n#col-1397061229 > .col-inner {\n  padding: 30px 30px 30px 30px;\n}\n<\/style>\n\t<\/div>\n\n\t\n\n\t<div id=\"col-1914174844\" class=\"col medium-4 small-12 large-4\"  >\n\t\t<div class=\"col-inner box-shadow-2\" style=\"background-color:rgb(255, 255, 255);\" >\n\t\t\t\n\t<div class=\"is-border\"\n\t\tstyle=\"border-color:rgb(254, 215, 80);border-width:10px 0px 0px 0px;\">\n\t<\/div>\n\t\t\t\n\t<div class=\"img has-hover x md-x lg-x y md-y lg-y\" id=\"image_1473928457\">\n\t\t\t\t\t\t\t\t<div class=\"img-inner dark\" >\n\t\t\t<img loading=\"lazy\" decoding=\"async\" width=\"120\" height=\"120\" src=\"https:\/\/daivinhan.com\/wp-content\/uploads\/2025\/08\/community-line.png\" class=\"attachment-large size-large\" alt=\"\" srcset=\"https:\/\/daivinhan.com\/wp-content\/uploads\/2025\/08\/community-line.png 120w, https:\/\/daivinhan.com\/wp-content\/uploads\/2025\/08\/community-line-100x100.png 100w\" sizes=\"auto, (max-width: 120px) 100vw, 120px\" \/>\t\t\t\t\t\t\n\t\t\t\t\t<\/div>\n\t\t\t\t\t\t\t\t\n<style>\n#image_1473928457 {\n  width: 20%;\n}\n@media (min-width:550px) {\n  #image_1473928457 {\n    width: 35%;\n  }\n}\n@media (min-width:850px) {\n  #image_1473928457 {\n    width: 20%;\n  }\n}\n<\/style>\n\t<\/div>\n\t\n<h3 class=\"company-name\">CHI NH\u00c1NH 1<\/h3>\n<hr \/>\n<div class=\"contact-info\">\n<p><span class=\"icon\">\ud83d\udccd<\/span>C12\/2A, Qu\u1ed1c L\u1ed9 1A, TT.T\u00e2n T\u00fac, H.B\u00ecnh Ch\u00e1nh, TP.H\u1ed3 Ch\u00ed Minh<\/p>\n<p><span class=\"icon\">\ud83d\udcde<\/span>0909818138 &#8211; 0908481253<\/p>\n<p><span class=\"icon\">\u2709\ufe0f<\/span>\u00a0<span style=\"text-decoration: underline;\"><span style=\"color: #ed1c24;\"><em><a style=\"color: #ed1c24; text-decoration: underline;\" href=\"mailto:thucmy25@gmail.com\">thucmy25@gmail.com<\/a><\/em><\/span><\/span><\/p>\n<\/div>\n\t\t<\/div>\n\t\t\n<style>\n#col-1914174844 > .col-inner {\n  padding: 30px 30px 30px 30px;\n}\n<\/style>\n\t<\/div>\n\n\t\n\n\t<div id=\"col-427762159\" class=\"col medium-4 small-12 large-4\"  >\n\t\t<div class=\"col-inner box-shadow-2\" style=\"background-color:rgb(255, 255, 255);\" >\n\t\t\t\n\t<div class=\"is-border\"\n\t\tstyle=\"border-color:rgb(254, 215, 80);border-width:10px 0px 0px 0px;\">\n\t<\/div>\n\t\t\t\n\t<div class=\"img has-hover x md-x lg-x y md-y lg-y\" id=\"image_365731283\">\n\t\t\t\t\t\t\t\t<div class=\"img-inner dark\" >\n\t\t\t<img loading=\"lazy\" decoding=\"async\" width=\"120\" height=\"120\" src=\"https:\/\/daivinhan.com\/wp-content\/uploads\/2025\/08\/pencil-ruler-2-line.png\" class=\"attachment-large size-large\" alt=\"\" srcset=\"https:\/\/daivinhan.com\/wp-content\/uploads\/2025\/08\/pencil-ruler-2-line.png 120w, https:\/\/daivinhan.com\/wp-content\/uploads\/2025\/08\/pencil-ruler-2-line-100x100.png 100w\" sizes=\"auto, (max-width: 120px) 100vw, 120px\" \/>\t\t\t\t\t\t\n\t\t\t\t\t<\/div>\n\t\t\t\t\t\t\t\t\n<style>\n#image_365731283 {\n  width: 20%;\n}\n@media (min-width:550px) {\n  #image_365731283 {\n    width: 35%;\n  }\n}\n@media (min-width:850px) {\n  #image_365731283 {\n    width: 20%;\n  }\n}\n<\/style>\n\t<\/div>\n\t\n<h3 class=\"company-name\">CHI NH\u00c1NH 2<\/h3>\n<hr \/>\n<div class=\"contact-info\">\n<p><span class=\"icon\">\ud83d\udccd<\/span>143 , Qu\u1ed1c L\u1ed9 1A, P.Tam B\u00ecnh, Q.Th\u1ee7 \u0110\u1ee9c, TP.H\u1ed3 Ch\u00ed Minh, Vi\u1ec7t Nam<\/p>\n<p><span class=\"icon\">\ud83d\udcde<\/span> 0908173159 &#8211; 0909823475<\/p>\n<p><span class=\"icon\">\u2709\ufe0f<\/span>\u00a0<span style=\"text-decoration: underline;\"><span style=\"color: #ed1c24;\"><em><a style=\"color: #ed1c24; text-decoration: underline;\" href=\"mailto:thucmy25@gmail.com\">thucmy25@gmail.com<\/a><\/em><\/span><\/span><\/p>\n<\/div>\n\t\t<\/div>\n\t\t\n<style>\n#col-427762159 > .col-inner {\n  padding: 30px 30px 25px 30px;\n}\n<\/style>\n\t<\/div>\n\n\t\n<\/div>\n\t\t<\/div>\n\t\t\n<style>\n#col-935813254 > .col-inner {\n  margin: -130px 0px 0px 0px;\n}\n<\/style>\n\t<\/div>\n\n\t\n<\/div>\n\t\t<\/div>\n\n\t\t\n<style>\n#section_2125719798 {\n  padding-top: 30px;\n  padding-bottom: 30px;\n}\n<\/style>\n\t<\/section>\n\t\n\t<section class=\"section dark\" id=\"section_1079839378\">\n\t\t<div class=\"bg section-bg fill bg-fill  bg-loaded\" >\n\n\t\t\t\n\t\t\t\n\t\t\t\n\t<div class=\"is-border\"\n\t\tstyle=\"border-color:rgb(254, 215, 80);border-width:8px 0px 0px 0px;\">\n\t<\/div>\n\n\t\t<\/div>\n\n\t\t<div class=\"section-content relative\">\n\t\t\t\n\t<div id=\"gap-1292277304\" class=\"gap-element clearfix\" style=\"display:block; height:auto;\">\n\t\t\n<style>\n#gap-1292277304 {\n  padding-top: 30px;\n}\n<\/style>\n\t<\/div>\n\t\n<div class=\"row align-middle align-center\" style=\"max-width:1300px\" id=\"row-1562205005\">\n\n\t<div id=\"col-1198643854\" class=\"col medium-12 small-12 large-6\"  >\n\t\t<div class=\"col-inner\"  >\n\t\t\t\n\t\t\t\n<div class=\"slider-wrapper relative\" id=\"slider-304861283\" >\n    <div class=\"slider slider-nav-simple slider-nav-normal slider-nav-light slider-style-normal slider-show-nav\"\n        data-flickity-options='{            \"cellAlign\": \"center\",            \"imagesLoaded\": true,            \"lazyLoad\": 1,            \"freeScroll\": false,            \"wrapAround\": true,            \"autoPlay\": 3000,            \"pauseAutoPlayOnHover\" : false,            \"prevNextButtons\": true,            \"contain\" : true,            \"adaptiveHeight\" : true,            \"dragThreshold\" : 10,            \"percentPosition\": true,            \"pageDots\": false,            \"rightToLeft\": false,            \"draggable\": true,            \"selectedAttraction\": 0.1,            \"parallax\" : 0,            \"friction\": 0.6        }'\n        >\n        \n\n  <div class=\"banner has-hover\" id=\"banner-551605109\">\n          <div class=\"banner-inner fill\">\n        <div class=\"banner-bg fill\" >\n            <div class=\"bg fill bg-fill\"><\/div>\n                                    \n                    <\/div>\n        <div class=\"banner-layers container\">\n            <div class=\"fill banner-link\"><\/div>            \n        <\/div>\n      <\/div>\n\n            \n<style>\n#banner-551605109 {\n  padding-top: 300px;\n  background-color: rgb(39, 54, 71);\n}\n#banner-551605109 .bg.bg-loaded {\n  background-image: url(https:\/\/daivinhan.com\/wp-content\/uploads\/2025\/04\/IMG_6976-1067x800.jpg);\n}\n@media (min-width:550px) {\n  #banner-551605109 {\n    padding-top: 500px;\n  }\n}\n<\/style>\n  <\/div>\n\n\n\n  <div class=\"banner has-hover\" id=\"banner-504349846\">\n          <div class=\"banner-inner fill\">\n        <div class=\"banner-bg fill\" >\n            <div class=\"bg fill bg-fill\"><\/div>\n                                    \n                    <\/div>\n        <div class=\"banner-layers container\">\n            <div class=\"fill banner-link\"><\/div>            \n        <\/div>\n      <\/div>\n\n            \n<style>\n#banner-504349846 {\n  padding-top: 500px;\n  background-color: rgb(39, 54, 71);\n}\n#banner-504349846 .bg.bg-loaded {\n  background-image: url(https:\/\/daivinhan.com\/wp-content\/uploads\/2025\/08\/george-pastushok-d0yNnTEjEWY-unsplash-1200x800.jpg);\n}\n<\/style>\n  <\/div>\n\n\n\n  <div class=\"banner has-hover\" id=\"banner-1339754645\">\n          <div class=\"banner-inner fill\">\n        <div class=\"banner-bg fill\" >\n            <div class=\"bg fill bg-fill\"><\/div>\n                                    \n                    <\/div>\n        <div class=\"banner-layers container\">\n            <div class=\"fill banner-link\"><\/div>            \n        <\/div>\n      <\/div>\n\n            \n<style>\n#banner-1339754645 {\n  padding-top: 500px;\n  background-color: rgb(39, 54, 71);\n}\n#banner-1339754645 .bg.bg-loaded {\n  background-image: url(https:\/\/daivinhan.com\/wp-content\/uploads\/2025\/08\/cody-nottingham-YNDy9O6xEqI-unsplash-1200x800.jpg);\n}\n<\/style>\n  <\/div>\n\n\n     <\/div>\n\n     <div class=\"loading-spin dark large centered\"><\/div>\n\n     <\/div>\n\n\n\t\t<\/div>\n\t\t\t<\/div>\n\n\t\n\n\t<div id=\"col-851575081\" class=\"col medium-11 small-12 large-6\"  >\n\t\t<div class=\"col-inner\"  >\n\t\t\t\n\t\t\t\n\t<div id=\"text-1808313305\" class=\"text\">\n\t\t\n<h6><span style=\"color: #fed750;\">About us<\/span><\/h6>\n\t\t\n<style>\n#text-1808313305 {\n  text-align: left;\n}\n<\/style>\n\t<\/div>\n\t\n\t<div id=\"text-1304369123\" class=\"text\">\n\t\t\n<h2><span style=\"font-size: 80%;\">TH\u00d4NG TIN DOANH NGHI\u1ec6P<\/span><\/h2>\n\t\t\n<style>\n#text-1304369123 {\n  font-size: 1.75rem;\n  text-align: left;\n}\n<\/style>\n\t<\/div>\n\t\n<div class=\"is-divider divider clearfix\" style=\"margin-top:0px;margin-bottom:0px;max-width:800px;height:1px;background-color:rgb(254, 215, 80);\"><\/div>\n\t<div id=\"gap-2098785136\" class=\"gap-element clearfix\" style=\"display:block; height:auto;\">\n\t\t\n<style>\n#gap-2098785136 {\n  padding-top: 30px;\n}\n<\/style>\n\t<\/div>\n\t\n\t<div id=\"text-3898930069\" class=\"text\">\n\t\t\n<p data-start=\"969\" data-end=\"1115\"><strong data-start=\"969\" data-end=\"997\">C\u00f4ng Ty TNHH \u0110\u1ea1i V\u0129nh An<\/strong>, th\u00e0nh l\u1eadp t\u1eeb n\u0103m 2004, \u0111\u1eb7t tr\u1ee5 s\u1edf t\u1ea1i 967 T\u1ec9nh L\u1ed9\u202f10, Ph\u01b0\u1eddng\u202fT\u00e2n T\u1ea1o, Qu\u1eadn B\u00ecnh T\u00e2n \u2014 l\u00e0 m\u1ed9t doanh nghi\u1ec7p chuy\u00ean v\u1ec1:<\/p>\n<ul data-start=\"1116\" data-end=\"1291\">\n<li data-start=\"1116\" data-end=\"1157\">\n<p data-start=\"1118\" data-end=\"1157\">Gia c\u00f4ng c\u01a1 kh\u00ed v\u00e0 tr\u00e1ng ph\u1ee7 kim lo\u1ea1i<\/p>\n<\/li>\n<li data-start=\"1158\" data-end=\"1207\">\n<p data-start=\"1160\" data-end=\"1207\">Mua b\u00e1n s\u1eaft th\u00e9p ph\u1ee5c v\u1ee5 x\u00e2y d\u1ef1ng v\u00e0 s\u1ea3n xu\u1ea5t<\/p>\n<\/li>\n<li data-start=\"1208\" data-end=\"1291\">\n<p data-start=\"1210\" data-end=\"1291\">H\u1ed7 tr\u1ee3 d\u1ecbch v\u1ee5 v\u1eadn t\u1ea3i \u0111\u01b0\u1eddng b\u1ed9 v\u00e0 cho thu\u00ea xe c\u01a1 gi\u1edbi nh\u1eb1m t\u1ed1i \u01b0u chu\u1ed7i cung \u1ee9ng<\/p>\n<\/li>\n<\/ul>\n<p data-start=\"1293\" data-end=\"1478\">\u00a0<\/p>\n\t\t\n<style>\n#text-3898930069 {\n  font-size: 1rem;\n  line-height: 1.25;\n  text-align: left;\n}\n<\/style>\n\t<\/div>\n\t\n\t<div id=\"gap-1560772464\" class=\"gap-element clearfix\" style=\"display:block; height:auto;\">\n\t\t\n<style>\n#gap-1560772464 {\n  padding-top: 15px;\n}\n<\/style>\n\t<\/div>\n\t\n\t\t<\/div>\n\t\t\n<style>\n#col-851575081 > .col-inner {\n  padding: 0px 0px 0px 0;\n}\n@media (min-width:550px) {\n  #col-851575081 > .col-inner {\n    padding: 0px 0px 0px 35px;\n  }\n}\n<\/style>\n\t<\/div>\n\n\t\n<\/div>\n\t\t<\/div>\n\n\t\t\n<style>\n#section_1079839378 {\n  padding-top: 70px;\n  padding-bottom: 70px;\n  background-color: #273647;\n}\n@media (min-width:850px) {\n  #section_1079839378 {\n    padding-top: 120px;\n    padding-bottom: 120px;\n  }\n}\n<\/style>\n\t<\/section>\n\t\n\t<section class=\"section\" id=\"section_1966141808\">\n\t\t<div class=\"bg section-bg fill bg-fill  bg-loaded\" >\n\n\t\t\t\n\t\t\t\n\t\t\t\n\n\t\t<\/div>\n\n\t\t<div class=\"section-content relative\">\n\t\t\t\n\t<div id=\"gap-702225689\" class=\"gap-element clearfix\" style=\"display:block; height:auto;\">\n\t\t\n<style>\n#gap-702225689 {\n  padding-top: 50px;\n}\n<\/style>\n\t<\/div>\n\t\n<div class=\"row row-collapse align-middle align-center row-dashed row-box-shadow-5 row-box-shadow-5-hover\" style=\"max-width:1000px\" id=\"row-1861619090\">\n\n\t<div id=\"col-1475218184\" class=\"col medium-3 small-12 large-2\"  >\n\t\t<div class=\"col-inner\"  >\n\t\t\t\n\t\t\t\n\t<div id=\"text-885891621\" class=\"text\">\n\t\t\n<h2>300+<\/h2>\n\t\t\n<style>\n#text-885891621 {\n  font-size: 3.75rem;\n  line-height: 0.75;\n  text-align: left;\n}\n@media (min-width:550px) {\n  #text-885891621 {\n    font-size: 2.5rem;\n    text-align: right;\n  }\n}\n@media (min-width:850px) {\n  #text-885891621 {\n    font-size: 2.75rem;\n  }\n}\n<\/style>\n\t<\/div>\n\t\n\t\t<\/div>\n\t\t\t<\/div>\n\n\t\n\n\t<div id=\"col-1603906765\" class=\"col medium-7 small-12 large-2\"  >\n\t\t<div class=\"col-inner\"  >\n\t\t\t\n\t\t\t\n\t<div id=\"text-1992299784\" class=\"text\">\n\t\t\n<h6>\u0111\u1ed1i t\u00e1c l\u00e2u d\u00e0i<\/h6>\n\t\t\n<style>\n#text-1992299784 {\n  text-align: right;\n}\n<\/style>\n\t<\/div>\n\t\n\t\t<\/div>\n\t\t\n<style>\n#col-1603906765 > .col-inner {\n  margin: -65px 0px 0px 0px;\n}\n@media (min-width:550px) {\n  #col-1603906765 > .col-inner {\n    margin: 0px 0px 0px -0;\n  }\n}\n@media (min-width:850px) {\n  #col-1603906765 > .col-inner {\n    margin: 0px 0px 0px -15px;\n  }\n}\n<\/style>\n\t<\/div>\n\n\t\n\n\t<div id=\"col-1513583941\" class=\"col medium-3 small-12 large-2\"  >\n\t\t<div class=\"col-inner text-right\"  >\n\t\t\t\n\t\t\t\n\t<div id=\"text-3714759546\" class=\"text\">\n\t\t\n<h2>200%<\/h2>\n\t\t\n<style>\n#text-3714759546 {\n  font-size: 3.75rem;\n  line-height: 0.75;\n  text-align: left;\n}\n@media (min-width:550px) {\n  #text-3714759546 {\n    font-size: 2.5rem;\n    text-align: right;\n  }\n}\n@media (min-width:850px) {\n  #text-3714759546 {\n    font-size: 2.75rem;\n  }\n}\n<\/style>\n\t<\/div>\n\t\n\t\t<\/div>\n\t\t\t<\/div>\n\n\t\n\n\t<div id=\"col-1641599226\" class=\"col medium-7 small-12 large-2\"  >\n\t\t<div class=\"col-inner text-left\"  >\n\t\t\t\n\t\t\t\n\t<div id=\"text-2455838542\" class=\"text\">\n\t\t\n<h6>t\u0103ng tr\u01b0\u1edfng doanh thu trong 5 n\u0103m<\/h6>\n\t\t\n<style>\n#text-2455838542 {\n  text-align: right;\n}\n<\/style>\n\t<\/div>\n\t\n\t\t<\/div>\n\t\t\n<style>\n#col-1641599226 > .col-inner {\n  margin: -65px 0px 0px 0px;\n}\n@media (min-width:550px) {\n  #col-1641599226 > .col-inner {\n    margin: 0px 0px 0px -0;\n  }\n}\n@media (min-width:850px) {\n  #col-1641599226 > .col-inner {\n    margin: 0px 0px 0px -15px;\n  }\n}\n<\/style>\n\t<\/div>\n\n\t\n\n\t<div id=\"col-992942928\" class=\"col medium-3 small-12 large-2\"  >\n\t\t<div class=\"col-inner text-right\"  >\n\t\t\t\n\t\t\t\n\t<div id=\"text-563936003\" class=\"text\">\n\t\t\n<h2>50+<\/h2>\n\t\t\n<style>\n#text-563936003 {\n  font-size: 3.75rem;\n  line-height: 0.75;\n  text-align: left;\n}\n@media (min-width:550px) {\n  #text-563936003 {\n    font-size: 2.5rem;\n    text-align: right;\n  }\n}\n@media (min-width:850px) {\n  #text-563936003 {\n    font-size: 2.75rem;\n  }\n}\n<\/style>\n\t<\/div>\n\t\n\t\t<\/div>\n\t\t\t<\/div>\n\n\t\n\n\t<div id=\"col-512120838\" class=\"col medium-7 small-12 large-2\"  >\n\t\t<div class=\"col-inner\"  >\n\t\t\t\n\t\t\t\n\t<div id=\"text-1802900485\" class=\"text\">\n\t\t\n<h6>t\u1ea5n nguy\u00ean li\u1ec7u nh\u1eadp kh\u1ea9u m\u1ed7i th\u00e1ng<\/h6>\n\t\t\n<style>\n#text-1802900485 {\n  text-align: right;\n}\n<\/style>\n\t<\/div>\n\t\n\t\t<\/div>\n\t\t\n<style>\n#col-512120838 > .col-inner {\n  margin: -65px 0px 0px 0px;\n}\n@media (min-width:550px) {\n  #col-512120838 > .col-inner {\n    margin: 0px 0px 0px 0;\n  }\n}\n@media (min-width:850px) {\n  #col-512120838 > .col-inner {\n    margin: 0px 0px 0px -15px;\n  }\n}\n<\/style>\n\t<\/div>\n\n\t\n<\/div>\n\t\t<\/div>\n\n\t\t\n<style>\n#section_1966141808 {\n  padding-top: 20px;\n  padding-bottom: 20px;\n  background-color: rgb(254, 215, 80);\n}\n<\/style>\n\t<\/section>\n\t\n\t<section class=\"section\" id=\"section_1635733740\">\n\t\t<div class=\"bg section-bg fill bg-fill  bg-loaded\" >\n\n\t\t\t\n\t\t\t\n\t\t\t\n\n\t\t<\/div>\n\n\t\t<div class=\"section-content relative\">\n\t\t\t\n<div class=\"row align-center\" style=\"max-width:1300px\" id=\"row-2054573168\">\n\n\t<div id=\"col-1583901433\" class=\"col medium-11 small-12 large-12\"  >\n\t\t<div class=\"col-inner\"  >\n\t\t\t\n\t\t\t\n<div class=\"text-center\"><div class=\"is-divider divider clearfix\" style=\"margin-top:5.2px;margin-bottom:5.2px;max-width:550px;background-color:rgb(44, 66, 147);\"><\/div><\/div>\n\t<div id=\"text-309087345\" class=\"text\">\n\t\t\n<p><strong>CAM K\u1ebeT L\u1ee2I TH\u1ebe &amp; C\u1ea0NH TRANH<\/strong><\/p>\n\t\t\n<style>\n#text-309087345 {\n  font-size: 1.75rem;\n  text-align: center;\n}\n@media (min-width:550px) {\n  #text-309087345 {\n    font-size: 1.25rem;\n  }\n}\n@media (min-width:850px) {\n  #text-309087345 {\n    font-size: 1.75rem;\n  }\n}\n<\/style>\n\t<\/div>\n\t\n<div class=\"row row-solid\"  id=\"row-1128734509\">\n\n\t<div id=\"col-1913033789\" class=\"col medium-4 small-12 large-4\"  >\n\t\t<div class=\"col-inner\"  >\n\t\t\t\n\t\t\t\n\n\t\t<div class=\"icon-box featured-box icon-box-center text-center\"  >\n\t\t\t\t\t<div class=\"icon-box-img\" style=\"width: 50px\">\n\t\t\t\t<div class=\"icon\">\n\t\t\t\t\t<div class=\"icon-inner\" >\n\t\t\t\t\t\t<img loading=\"lazy\" decoding=\"async\" width=\"141\" height=\"141\" src=\"https:\/\/daivinhan.com\/wp-content\/uploads\/2025\/08\/download.png\" class=\"attachment-medium size-medium\" alt=\"\" srcset=\"https:\/\/daivinhan.com\/wp-content\/uploads\/2025\/08\/download.png 141w, https:\/\/daivinhan.com\/wp-content\/uploads\/2025\/08\/download-12x12.png 12w, https:\/\/daivinhan.com\/wp-content\/uploads\/2025\/08\/download-100x100.png 100w\" sizes=\"auto, (max-width: 141px) 100vw, 141px\" \/>\t\t\t\t\t<\/div>\n\t\t\t\t<\/div>\n\t\t\t<\/div>\n\t\t\t\t<div class=\"icon-box-text last-reset\">\n\t\t\t\t\t\t\t\t\t\n<h3 class=\"uppercase\">ch\u1ea5t l\u01b0\u1ee3ng<\/h3>\n<p><span style=\"color: #000080;\"><span style=\"font-size: 105%;\"><strong data-start=\"1433\" data-end=\"1476\">S\u1ea3n ph\u1ea9m\u00a0\u0111\u1ea1t chu\u1ea9n ki\u1ec3m \u0111\u1ecbnh, b\u1ec1n b\u1ec9 theo th\u1eddi gian<\/strong><\/span><\/span><\/p>\n\t\t<\/div>\n\t<\/div>\n\t\n\t\n\t\t<\/div>\n\t\t\t<\/div>\n\n\t\n\n\t<div id=\"col-1387489356\" class=\"col medium-4 small-12 large-4\"  >\n\t\t<div class=\"col-inner\"  >\n\t\t\t\n\t\t\t\n\n\t\t<div class=\"icon-box featured-box icon-box-center text-center\"  >\n\t\t\t\t\t<div class=\"icon-box-img\" style=\"width: 50px\">\n\t\t\t\t<div class=\"icon\">\n\t\t\t\t\t<div class=\"icon-inner\" >\n\t\t\t\t\t\t<img loading=\"lazy\" decoding=\"async\" width=\"128\" height=\"128\" src=\"https:\/\/daivinhan.com\/wp-content\/uploads\/2025\/08\/2703076-128-1-1.png\" class=\"attachment-medium size-medium\" alt=\"\" srcset=\"https:\/\/daivinhan.com\/wp-content\/uploads\/2025\/08\/2703076-128-1-1.png 128w, https:\/\/daivinhan.com\/wp-content\/uploads\/2025\/08\/2703076-128-1-1-12x12.png 12w, https:\/\/daivinhan.com\/wp-content\/uploads\/2025\/08\/2703076-128-1-1-100x100.png 100w\" sizes=\"auto, (max-width: 128px) 100vw, 128px\" \/>\t\t\t\t\t<\/div>\n\t\t\t\t<\/div>\n\t\t\t<\/div>\n\t\t\t\t<div class=\"icon-box-text last-reset\">\n\t\t\t\t\t\t\t\t\t\n<h3>H\u1ec6 TH\u1ed0NG PH\u00c2N PH\u1ed0I TO\u00c0N QU\u1ed0C<\/h3>\n<p><strong><span style=\"color: #000080;\">Ph\u1ee5c v\u1ee5 nhanh ch\u00f3ng m\u1ecdi t\u1ec9nh th\u00e0nh<\/span><\/strong><\/p>\n\t\t<\/div>\n\t<\/div>\n\t\n\t\n\t\t<\/div>\n\t\t\t<\/div>\n\n\t\n\n\t<div id=\"col-1523433076\" class=\"col medium-4 small-12 large-4\"  >\n\t\t<div class=\"col-inner\"  >\n\t\t\t\n\t\t\t\n\n\t\t<div class=\"icon-box featured-box icon-box-center text-center\"  >\n\t\t\t\t\t<div class=\"icon-box-img\" style=\"width: 50px\">\n\t\t\t\t<div class=\"icon\">\n\t\t\t\t\t<div class=\"icon-inner\" >\n\t\t\t\t\t\t<img loading=\"lazy\" decoding=\"async\" width=\"223\" height=\"226\" src=\"https:\/\/daivinhan.com\/wp-content\/uploads\/2025\/08\/images.png\" class=\"attachment-medium size-medium\" alt=\"\" srcset=\"https:\/\/daivinhan.com\/wp-content\/uploads\/2025\/08\/images.png 223w, https:\/\/daivinhan.com\/wp-content\/uploads\/2025\/08\/images-12x12.png 12w, https:\/\/daivinhan.com\/wp-content\/uploads\/2025\/08\/images-100x100.png 100w\" sizes=\"auto, (max-width: 223px) 100vw, 223px\" \/>\t\t\t\t\t<\/div>\n\t\t\t\t<\/div>\n\t\t\t<\/div>\n\t\t\t\t<div class=\"icon-box-text last-reset\">\n\t\t\t\t\t\t\t\t\t\n<h3>KINH NGHI\u1ec6M<\/h3>\n<p><strong><span style=\"color: #000080;\">Am hi\u1ec3u th\u1ecb tr\u01b0\u1eddng v\u00e0 xu h\u01b0\u1edbng x\u00e2y d\u1ef1ng<\/span><\/strong><\/p>\n\t\t<\/div>\n\t<\/div>\n\t\n\t\n\t\t<\/div>\n\t\t\t<\/div>\n\n\t\n\n<style>\n#row-1128734509 > .col > .col-inner {\n  padding: 20px 20px 20px 20px;\n}\n<\/style>\n<\/div>\n\t\t<\/div>\n\t\t\t<\/div>\n\n\t\n<\/div>\n\t\t<\/div>\n\n\t\t\n<style>\n#section_1635733740 {\n  padding-top: 60px;\n  padding-bottom: 60px;\n}\n@media (min-width:550px) {\n  #section_1635733740 {\n    padding-top: 90px;\n    padding-bottom: 90px;\n  }\n}\n<\/style>\n\t<\/section>\n\t\n\t<section class=\"section\" id=\"section_1069658713\">\n\t\t<div class=\"bg section-bg fill bg-fill  bg-loaded\" >\n\n\t\t\t\n\t\t\t\n\t\t\t\n\n\t\t<\/div>\n\n\t\t<div class=\"section-content relative\">\n\t\t\t\n\t<div id=\"gap-2069076743\" class=\"gap-element clearfix\" style=\"display:block; height:auto;\">\n\t\t\n<style>\n#gap-2069076743 {\n  padding-top: 35px;\n}\n<\/style>\n\t<\/div>\n\t\n<div class=\"row align-middle\" style=\"max-width:1300px\" id=\"row-1420178127\">\n\n\t<div id=\"col-1295650732\" class=\"col medium-9 small-12 large-9\"  >\n\t\t<div class=\"col-inner\"  >\n\t\t\t\n\t\t\t\n\t<div id=\"text-157985318\" class=\"text\">\n\t\t\n<blockquote><p><span style=\"color: #003300;\"><strong><em>\u201cCh\u00fang t\u00f4i t\u1ea1o ra gi\u00e1 tr\u1ecb b\u1eb1ng ch\u1ea5t l\u01b0\u1ee3ng th\u00e9p v\u1eefng ch\u1eafc, d\u1ecbch v\u1ee5 t\u1eadn t\u00e2m, v\u00e0 ni\u1ec1m tin b\u1ec1n v\u1eefng v\u1edbi kh\u00e1ch h\u00e0ng.\u201d<\/em><\/strong><\/span><\/p><\/blockquote>\n\t\t\n<style>\n#text-157985318 {\n  font-size: 1.25rem;\n}\n<\/style>\n\t<\/div>\n\t\n\t\t<\/div>\n\t\t\t<\/div>\n\n\t\n\n\t<div id=\"col-1473190103\" class=\"col medium-3 small-12 large-3\"  >\n\t\t<div class=\"col-inner\"  >\n\t\t\t\n\t\t\t\n<a data-animate=\"bounceInUp\" href=\"https:\/\/daivinhan.com\/en\/lien-he\/\" target=\"_self\" class=\"button primary expand\"  style=\"padding:5px 30px 5px 30px;\">\n    <span>LI\u00caN H\u1ec6<\/span>\n  <i class=\"icon-phone\" ><\/i><\/a>\n\n\t\t<\/div>\n\t\t\t<\/div>\n\n\t\n<\/div>\n\t\t<\/div>\n\n\t\t\n<style>\n#section_1069658713 {\n  padding-top: 20px;\n  padding-bottom: 20px;\n  background-color: rgb(255,255,255);\n}\n<\/style>\n\t<\/section>","protected":false},"excerpt":{"rendered":"","protected":false},"author":1,"featured_media":0,"parent":0,"menu_order":0,"comment_status":"closed","ping_status":"closed","template":"","meta":{"footnotes":""},"class_list":["post-481","page","type-page","status-publish","hentry"],"_links":{"self":[{"href":"https:\/\/daivinhan.com\/en\/wp-json\/wp\/v2\/pages\/481","targetHints":{"allow":["GET"]}}],"collection":[{"href":"https:\/\/daivinhan.com\/en\/wp-json\/wp\/v2\/pages"}],"about":[{"href":"https:\/\/daivinhan.com\/en\/wp-json\/wp\/v2\/types\/page"}],"author":[{"embeddable":true,"href":"https:\/\/daivinhan.com\/en\/wp-json\/wp\/v2\/users\/1"}],"replies":[{"embeddable":true,"href":"https:\/\/daivinhan.com\/en\/wp-json\/wp\/v2\/comments?post=481"}],"version-history":[{"count":0,"href":"https:\/\/daivinhan.com\/en\/wp-json\/wp\/v2\/pages\/481\/revisions"}],"wp:attachment":[{"href":"https:\/\/daivinhan.com\/en\/wp-json\/wp\/v2\/media?parent=481"}],"curies":[{"name":"wp","href":"https:\/\/api.w.org\/{rel}","templated":true}]}}