{"id":277,"date":"2025-04-03T06:54:39","date_gmt":"2025-04-03T06:54:39","guid":{"rendered":"https:\/\/daivinhan.com\/?page_id=277"},"modified":"2025-08-04T08:58:08","modified_gmt":"2025-08-04T08:58:08","slug":"lien-he","status":"publish","type":"page","link":"https:\/\/daivinhan.com\/en\/lien-he\/","title":{"rendered":"LI\u00caN H\u1ec6"},"content":{"rendered":"<section class=\"section\" id=\"section_1636824616\">\n\t\t<div class=\"bg section-bg fill bg-fill  bg-loaded\" >\n\n\t\t\t\n\t\t\t\n\t\t\t\n\n\t\t<\/div>\n\n\t\t<div class=\"section-content relative\">\n\t\t\t\n<h2><strong><span style=\"font-size: 120%; color: #ed1c24;\">TH\u00d4NG TIN LI\u00caN H\u1ec6<\/span><\/strong><\/h2>\n<div class=\"is-divider divider clearfix\" style=\"max-width:300px;background-color:rgb(218, 4, 4);\"><\/div>\n<div class=\"row align-middle align-center\"  id=\"row-673132855\">\n\n\t<div id=\"col-1699712150\" class=\"col medium-6 small-12 large-6\"  >\n\t\t<div class=\"col-inner text-center\"  >\n\t\t\t\n\t\t\t\n\t<div id=\"text-4282267113\" class=\"text\">\n\t\t\n\n<h3 style=\"color: #e52f2b;\"><strong>\u0110\u1ea0I V\u0128NH AN<\/strong><\/h3>\n<p><strong>\u0110\u1ecba ch\u1ec9:<\/strong> 967 T\u1ec9nh L\u1ed9 10, Khu ph\u1ed1 8, Ph\u01b0\u1eddng T\u00e2n T\u1ea1o, Qu\u1eadn B\u00ecnh T\u00e2n, Th\u00e0nh ph\u1ed1 H\u1ed3 Ch\u00ed Minh, Vi\u1ec7t Nam.<br \/><strong>Li\u00ean h\u1ec7:<\/strong>\u00a0090818138 - 3750 5553 - 0908144989<br \/><strong>Email: <\/strong><span style=\"text-decoration: underline;\"><span style=\"color: #ed1c24;\"><em>thucmy25@gmail.com<\/em><\/span><\/span><\/p>\n\t\t\n<style>\n#text-4282267113 {\n  text-align: center;\n}\n<\/style>\n\t<\/div>\n\t\n\t\t<\/div>\n\t\t\t<\/div>\n\n\t\n\n\t<div id=\"col-501066473\" class=\"col medium-6 small-12 large-6\"  >\n\t\t<div class=\"col-inner\"  >\n\t\t\t\n\t\t\t\n<p><iframe src=\"https:\/\/www.google.com\/maps\/embed?pb=!1m18!1m12!1m3!1d244.98370255773725!2d106.60331542548943!3d10.754568766836112!2m3!1f0!2f0!3f0!3m2!1i1024!2i768!4f13.1!3m3!1m2!1s0x31752c4a442efb57%3A0x3c0fe23f62f1c518!2zQ8O0bmcgVHkgVG5oaCDEkOG6oWkgVsSpbmggQW4!5e0!3m2!1sen!2s!4v1743946581687!5m2!1sen!2s\" width=\"100%\" height=\"450\" style=\"border:0;\" allowfullscreen=\"\" loading=\"lazy\" referrerpolicy=\"no-referrer-when-downgrade\"><\/iframe><\/p>\n\t\t<\/div>\n\t\t\t<\/div>\n\n\t\n<\/div>\n\t\t<\/div>\n\n\t\t\n<style>\n#section_1636824616 {\n  padding-top: 30px;\n  padding-bottom: 30px;\n}\n<\/style>\n\t<\/section>\n\t\n\t<section class=\"section\" id=\"section_1839254885\">\n\t\t<div class=\"bg section-bg fill bg-fill  bg-loaded\" >\n\n\t\t\t\n\t\t\t\n\t\t\t\n\n\t\t<\/div>\n\n\t\t<div class=\"section-content relative\">\n\t\t\t\n\t<div id=\"text-3536740786\" class=\"text\">\n\t\t\n<h2 class=\"uppercase\">C\u00c1C CHI NH\u00c1NH<\/h2>\n\t\t\n<style>\n#text-3536740786 {\n  text-align: center;\n  color: #e4302b;\n}\n#text-3536740786 > * {\n  color: #e4302b;\n}\n<\/style>\n\t<\/div>\n\t\n<div class=\"row\"  id=\"row-49600779\">\n\n\t<div id=\"col-634515217\" class=\"col medium-6 small-12 large-6\"  >\n\t\t<div class=\"col-inner\"  >\n\t\t\t\n\t\t\t\n<div class=\"contact-card\">\n<h3 class=\"company-name\">CHI NH\u00c1NH 2<\/h3>\n<hr \/>\n<div class=\"contact-info\">\n<p><span class=\"icon\">\ud83d\udccd<\/span>C12\/2A, Qu\u1ed1c L\u1ed9 1A, TT.T\u00e2n T\u00fac, H.B\u00ecnh Ch\u00e1nh, TP.H\u1ed3 Ch\u00ed Minh<\/p>\n<p><span class=\"icon\">\ud83d\udcde<\/span>(028) 37608494 &#8211; 0909818138 &#8211; 0908481253<\/p>\n<p><span class=\"icon\">\u2709\ufe0f<\/span> <span style=\"text-decoration: underline;\"><em><a href=\"mailto:thucmy25@gmail.com\">thucmy25@gmail.com<\/a><\/em><\/span><\/p>\n<\/div>\n<\/div>\n\t\t<\/div>\n\t\t\t<\/div>\n\n\t\n\n\t<div id=\"col-180064110\" class=\"col medium-6 small-12 large-6\"  >\n\t\t<div class=\"col-inner\"  >\n\t\t\t\n\t\t\t\n<div class=\"contact-card\">\n<h3 class=\"company-name\">CHI NH\u00c1NH 3<\/h3>\n<hr \/>\n<div class=\"contact-info\">\n<p><span class=\"icon\">\ud83d\udccd<\/span>143 , Qu\u1ed1c L\u1ed9 1A, P.Tam B\u00ecnh, Q.Th\u1ee7 \u0110\u1ee9c, TP.H\u1ed3 Ch\u00ed Minh, Vi\u1ec7t Nam<\/p>\n<p><span class=\"icon\">\ud83d\udcde<\/span> 0908173159 &#8211; 0909823475<\/p>\n<p><span class=\"icon\">\u2709\ufe0f<\/span><span style=\"text-decoration: underline;\"> <em><a href=\"mailto:thucmy25@gmail.com\">thucmy25@gmail.com<\/a><\/em><\/span><\/p>\n<\/div>\n<\/div>\n\t\t<\/div>\n\t\t\t<\/div>\n\n\t\n<\/div>\n<div class=\"row\"  id=\"row-1192956085\">\n\n\t<div id=\"col-1601867331\" class=\"col medium-8 small-12 large-8\"  >\n\t\t<div class=\"col-inner\"  >\n\t\t\t\n\t\t\t\n\n<div class=\"wpcf7 no-js\" id=\"wpcf7-f256-o1\" lang=\"vi\" dir=\"ltr\" data-wpcf7-id=\"256\">\n<div class=\"screen-reader-response\"><p role=\"status\" aria-live=\"polite\" aria-atomic=\"true\"><\/p> <ul><\/ul><\/div>\n<form action=\"\/en\/wp-json\/wp\/v2\/pages\/277#wpcf7-f256-o1\" method=\"post\" class=\"wpcf7-form init\" aria-label=\"Form li\u00ean h\u1ec7\" novalidate=\"novalidate\" data-status=\"init\" data-trp-original-action=\"\/en\/wp-json\/wp\/v2\/pages\/277#wpcf7-f256-o1\">\n<div style=\"display: none;\">\n<input type=\"hidden\" name=\"_wpcf7\" value=\"256\" \/>\n<input type=\"hidden\" name=\"_wpcf7_version\" value=\"6.0.5\" \/>\n<input type=\"hidden\" name=\"_wpcf7_locale\" value=\"vi\" \/>\n<input type=\"hidden\" name=\"_wpcf7_unit_tag\" value=\"wpcf7-f256-o1\" \/>\n<input type=\"hidden\" name=\"_wpcf7_container_post\" value=\"0\" \/>\n<input type=\"hidden\" name=\"_wpcf7_posted_data_hash\" value=\"\" \/>\n<\/div>\n<p><label> T\u00ean c\u1ee7a b\u1ea1n<br \/>\n<span class=\"wpcf7-form-control-wrap\" data-name=\"your-name\"><input size=\"40\" maxlength=\"400\" class=\"wpcf7-form-control wpcf7-text wpcf7-validates-as-required\" autocomplete=\"name\" aria-required=\"true\" aria-invalid=\"false\" value=\"\" type=\"text\" name=\"your-name\" \/><\/span> <\/label>\n<\/p>\n<p><label> Email c\u1ee7a b\u1ea1n<br \/>\n<span class=\"wpcf7-form-control-wrap\" data-name=\"your-email\"><input size=\"40\" maxlength=\"400\" class=\"wpcf7-form-control wpcf7-email wpcf7-validates-as-required wpcf7-text wpcf7-validates-as-email\" autocomplete=\"email\" aria-required=\"true\" aria-invalid=\"false\" value=\"\" type=\"email\" name=\"your-email\" \/><\/span> <\/label>\n<\/p>\n<p><label> Ti\u00eau \u0111\u1ec1:<br \/>\n<span class=\"wpcf7-form-control-wrap\" data-name=\"your-subject\"><input size=\"40\" maxlength=\"400\" class=\"wpcf7-form-control wpcf7-text wpcf7-validates-as-required\" aria-required=\"true\" aria-invalid=\"false\" value=\"\" type=\"text\" name=\"your-subject\" \/><\/span> <\/label>\n<\/p>\n<p><label> Tin nh\u1eafn c\u1ee7a b\u1ea1n (kh\u00f4ng b\u1eaft bu\u1ed9c)<br \/>\n<span class=\"wpcf7-form-control-wrap\" data-name=\"your-message\"><textarea cols=\"40\" rows=\"10\" maxlength=\"2000\" class=\"wpcf7-form-control wpcf7-textarea\" aria-invalid=\"false\" name=\"your-message\"><\/textarea><\/span> <\/label>\n<\/p>\n<p><input class=\"wpcf7-form-control wpcf7-submit has-spinner\" type=\"submit\" value=\"G\u1eedi\" \/>\n<\/p><div class=\"wpcf7-response-output\" aria-hidden=\"true\"><\/div>\n<input type=\"hidden\" name=\"trp-form-language\" value=\"en\"\/><\/form>\n<\/div>\n\n\t\t<\/div>\n\t\t\t<\/div>\n\n\t\n<\/div>\n\t\t<\/div>\n\n\t\t\n<style>\n#section_1839254885 {\n  padding-top: 30px;\n  padding-bottom: 30px;\n}\n<\/style>\n\t<\/section>\n\t\n<div class=\"row row-large\" style=\"max-width:1400px\" id=\"row-1527358355\">\n\n\t<div id=\"col-839073026\" class=\"col small-12 large-12\"  >\n\t\t<div class=\"col-inner\"  >\n\t\t\t\n\t\t\t\n<p><iframesrc=\"https:\/\/www.google.com\/maps\/embed?pb=!1m18!1m12!1m3!1d3919.7396278556353!2d106.60095397469688!3d10.754538989392929!2m3!1f0!2f0!3f0!3m2!1i1024!2i768!4f13.1!3m3!1m2!1s0x31752c4a442efb57%3A0x3c0fe23f62f1c518!2zQ8O0bmcgVHkgVG5oaCDEkOG6oWkgVsSpbmggQW4!5e0!3m2!1sen!2s!4v1754281963113!5m2!1sen!2s\"width=\"1100\"height=\"450\"style=\"border:0;\"allowfullscreen=\"\"loading=\"lazy\"referrerpolicy=\"no-referrer-when-downgrade\"><br \/>\n<\/iframe><\/p>\n\t\t<\/div>\n\t\t\t<\/div>\n\n\t\n<\/div>","protected":false},"excerpt":{"rendered":"","protected":false},"author":1,"featured_media":0,"parent":0,"menu_order":0,"comment_status":"closed","ping_status":"closed","template":"","meta":{"footnotes":""},"class_list":["post-277","page","type-page","status-publish","hentry"],"_links":{"self":[{"href":"https:\/\/daivinhan.com\/en\/wp-json\/wp\/v2\/pages\/277","targetHints":{"allow":["GET"]}}],"collection":[{"href":"https:\/\/daivinhan.com\/en\/wp-json\/wp\/v2\/pages"}],"about":[{"href":"https:\/\/daivinhan.com\/en\/wp-json\/wp\/v2\/types\/page"}],"author":[{"embeddable":true,"href":"https:\/\/daivinhan.com\/en\/wp-json\/wp\/v2\/users\/1"}],"replies":[{"embeddable":true,"href":"https:\/\/daivinhan.com\/en\/wp-json\/wp\/v2\/comments?post=277"}],"version-history":[{"count":0,"href":"https:\/\/daivinhan.com\/en\/wp-json\/wp\/v2\/pages\/277\/revisions"}],"wp:attachment":[{"href":"https:\/\/daivinhan.com\/en\/wp-json\/wp\/v2\/media?parent=277"}],"curies":[{"name":"wp","href":"https:\/\/api.w.org\/{rel}","templated":true}]}}